{"id":54,"date":"2024-02-11T11:22:20","date_gmt":"2024-02-11T10:22:20","guid":{"rendered":"https:\/\/verein-erdreich.at\/?page_id=54"},"modified":"2024-09-09T13:12:56","modified_gmt":"2024-09-09T12:12:56","slug":"veranstaltungskalender-2024","status":"publish","type":"page","link":"https:\/\/verein-erdreich.at\/?page_id=54","title":{"rendered":"Veranstaltungskalender 2024"},"content":{"rendered":"\n<h2 class=\"wp-block-heading has-medium-font-size\">27. J\u00e4nner &#8211; Stammtisch mit Jahresr\u00fcckblick 2023<\/h2>\n\n\n\n<h2 class=\"wp-block-heading has-medium-font-size\">23. Februar &#8211; Feuerl\u00f6sch\u00fcbung mit anschlie\u00dfendem Stammtisch<\/h2>\n\n\n\n<h2 class=\"wp-block-heading has-medium-font-size\">02. M\u00e4rz &#8211; Obstbaumschnittkurs<\/h2>\n\n\n\n<h2 class=\"wp-block-heading has-medium-font-size\">23. M\u00e4rz &#8211; Stammtisch mit Vortrag von Dr. Kr\u00fcckl<\/h2>\n\n\n\n<h2 class=\"wp-block-heading has-medium-font-size\">31. M\u00e4rz &#8211; Osterfeuer mit anschlie\u00dfendem gemeinsamen Fr\u00fchst\u00fcck<\/h2>\n\n\n\n<h2 class=\"wp-block-heading has-medium-font-size\">20. April &#8211; Stammtisch &#8211; ABGESAGT ! <\/h2>\n\n\n\n<h2 class=\"wp-block-heading has-medium-font-size\">01. Mai &#8211; Wandertag<\/h2>\n\n\n\n<h2 class=\"wp-block-heading has-medium-font-size\">25. Mai &#8211; Sensenm\u00e4hen und Heumandl machen mit anschlie\u00dfendem Stammtisch TERMIN\u00c4NDERUNG wetterbedingt 26. Mai <\/h2>\n\n\n\n<h2 class=\"wp-block-heading has-medium-font-size\">21. Juni &#8211; Sommersonnenwende<\/h2>\n\n\n\n<h2 class=\"wp-block-heading has-medium-font-size\">Juli &amp; August &#8211; Sommerpause<\/h2>\n\n\n\n<h2 class=\"wp-block-heading has-medium-font-size\">13. September &#8211; Stammtisch Erntedank<\/h2>\n\n\n\n<h2 class=\"wp-block-heading has-medium-font-size\">26. Oktober &#8211; Stammtisch mit Vortrag zum Thema Wasser<\/h2>\n\n\n\n<h2 class=\"wp-block-heading has-medium-font-size\">23. November &#8211; Adventkranzbinden mit anschlie\u00dfendem Stammtisch<\/h2>\n\n\n\n<h2 class=\"wp-block-heading has-medium-font-size\">21. Dezember &#8211; Wintersonnenwende mit anschlie\u00dfendem Stammtisch<\/h2>\n\n\n\n<h2 class=\"wp-block-heading has-medium-font-size\">25. J\u00e4nner 2025 &#8211; Stammtisch mit Jahresr\u00fcckblick 2024<\/h2>\n","protected":false},"excerpt":{"rendered":"<p>27. J\u00e4nner &#8211; Stammtisch mit Jahresr\u00fcckblick 2023 23. Februar &#8211; Feuerl\u00f6sch\u00fcbung mit anschlie\u00dfendem Stammtisch 02. M\u00e4rz &#8211; Obstbaumschnittkurs 23. M\u00e4rz &#8211; Stammtisch mit Vortrag von Dr. Kr\u00fcckl 31. M\u00e4rz &#8211; Osterfeuer mit anschlie\u00dfendem gemeinsamen Fr\u00fchst\u00fcck 20. April &#8211; Stammtisch &#8211; ABGESAGT ! 01. Mai &#8211; Wandertag 25. Mai &#8211; Sensenm\u00e4hen und Heumandl machen mit anschlie\u00dfendem<\/p>\n<div class=\"read-more-wrapper\"><a class=\"read-more\" href=\"https:\/\/verein-erdreich.at\/?page_id=54\" title=\"Read More\"> <span class=\"button \">Read More<\/span><\/a><\/div>\n","protected":false},"author":1,"featured_media":0,"parent":0,"menu_order":0,"comment_status":"closed","ping_status":"closed","template":"","meta":{"footnotes":""},"class_list":["post-54","page","type-page","status-publish","hentry"],"_links":{"self":[{"href":"https:\/\/verein-erdreich.at\/index.php?rest_route=\/wp\/v2\/pages\/54","targetHints":{"allow":["GET"]}}],"collection":[{"href":"https:\/\/verein-erdreich.at\/index.php?rest_route=\/wp\/v2\/pages"}],"about":[{"href":"https:\/\/verein-erdreich.at\/index.php?rest_route=\/wp\/v2\/types\/page"}],"author":[{"embeddable":true,"href":"https:\/\/verein-erdreich.at\/index.php?rest_route=\/wp\/v2\/users\/1"}],"replies":[{"embeddable":true,"href":"https:\/\/verein-erdreich.at\/index.php?rest_route=%2Fwp%2Fv2%2Fcomments&post=54"}],"version-history":[{"count":5,"href":"https:\/\/verein-erdreich.at\/index.php?rest_route=\/wp\/v2\/pages\/54\/revisions"}],"predecessor-version":[{"id":69,"href":"https:\/\/verein-erdreich.at\/index.php?rest_route=\/wp\/v2\/pages\/54\/revisions\/69"}],"wp:attachment":[{"href":"https:\/\/verein-erdreich.at\/index.php?rest_route=%2Fwp%2Fv2%2Fmedia&parent=54"}],"curies":[{"name":"wp","href":"https:\/\/api.w.org\/{rel}","templated":true}]}}