{"id":2,"date":"2022-09-03T19:58:56","date_gmt":"2022-09-03T19:58:56","guid":{"rendered":"http:\/\/verein-erdreich.at\/?page_id=2"},"modified":"2022-09-03T20:30:20","modified_gmt":"2022-09-03T20:30:20","slug":"sample-page","status":"publish","type":"page","link":"https:\/\/verein-erdreich.at\/?page_id=2","title":{"rendered":"\u00dcber den Verein"},"content":{"rendered":"\n<p>Der Verein Erdreich aus Waizenkirchen setzt sich f\u00fcr die Erhaltung, Pflege, F\u00f6rderung und Entwicklung traditioneller, b\u00e4uerlicher Kultur ein.<br><br>Die Bewahrung und Weiterentwicklung althergebrachten Handwerks, der urspr\u00fcnglichen Kunst und Kultur in ihrer Bodenst\u00e4ndigkeit, sowie die Erhaltung b\u00e4uerlicher Traditionen, ist unerl\u00e4sslich um k\u00fcnftigen Generationen echte Werte und die Zuversicht zu geben, nachhaltig und bewusst zu leben. Der Schutz und die Pflege des Bodens, des Erdreichs, des Wassers, der Tiere und der Pflanzen und damit auch der Erhalt und die Erzeugung gesunder Lebensmittel sind ebenso unsere Ziele.<br><br>Wir sammeln Erfahrungen, erarbeiten und erproben neue Konzepte, vermitteln und teilen Wissen und M\u00f6glichkeiten.<br>Gemeinsam mit unseren Mitgliedern durften wir bereits in vielen Treffen, Veranstaltungen und Projekten interessante, spannende und sch\u00f6ne Momente erleben.<\/p>\n\n\n\n<p><br>Melde Dich gerne bei uns, wenn auch Du dabei sein m\u00f6chtest!<\/p>\n","protected":false},"excerpt":{"rendered":"<p>Der Verein Erdreich aus Waizenkirchen setzt sich f\u00fcr die Erhaltung, Pflege, F\u00f6rderung und Entwicklung traditioneller, b\u00e4uerlicher Kultur ein. Die Bewahrung und Weiterentwicklung althergebrachten Handwerks, der urspr\u00fcnglichen Kunst und Kultur in ihrer Bodenst\u00e4ndigkeit, sowie die Erhaltung b\u00e4uerlicher Traditionen, ist unerl\u00e4sslich um k\u00fcnftigen Generationen echte Werte und die Zuversicht zu geben, nachhaltig und bewusst zu leben. Der<\/p>\n<div class=\"read-more-wrapper\"><a class=\"read-more\" href=\"https:\/\/verein-erdreich.at\/?page_id=2\" title=\"Read More\"> <span class=\"button \">Read More<\/span><\/a><\/div>\n","protected":false},"author":1,"featured_media":0,"parent":0,"menu_order":0,"comment_status":"closed","ping_status":"open","template":"","meta":{"footnotes":""},"class_list":["post-2","page","type-page","status-publish","hentry"],"_links":{"self":[{"href":"https:\/\/verein-erdreich.at\/index.php?rest_route=\/wp\/v2\/pages\/2","targetHints":{"allow":["GET"]}}],"collection":[{"href":"https:\/\/verein-erdreich.at\/index.php?rest_route=\/wp\/v2\/pages"}],"about":[{"href":"https:\/\/verein-erdreich.at\/index.php?rest_route=\/wp\/v2\/types\/page"}],"author":[{"embeddable":true,"href":"https:\/\/verein-erdreich.at\/index.php?rest_route=\/wp\/v2\/users\/1"}],"replies":[{"embeddable":true,"href":"https:\/\/verein-erdreich.at\/index.php?rest_route=%2Fwp%2Fv2%2Fcomments&post=2"}],"version-history":[{"count":3,"href":"https:\/\/verein-erdreich.at\/index.php?rest_route=\/wp\/v2\/pages\/2\/revisions"}],"predecessor-version":[{"id":40,"href":"https:\/\/verein-erdreich.at\/index.php?rest_route=\/wp\/v2\/pages\/2\/revisions\/40"}],"wp:attachment":[{"href":"https:\/\/verein-erdreich.at\/index.php?rest_route=%2Fwp%2Fv2%2Fmedia&parent=2"}],"curies":[{"name":"wp","href":"https:\/\/api.w.org\/{rel}","templated":true}]}}